{"id":564,"date":"2025-10-22T17:24:52","date_gmt":"2025-10-22T20:24:52","guid":{"rendered":"http:\/\/trapaniarquitetura.arq.br\/?page_id=564"},"modified":"2025-10-29T10:04:34","modified_gmt":"2025-10-29T13:04:34","slug":"projetos-residenciais","status":"publish","type":"page","link":"https:\/\/trapaniarquitetura.arq.br\/index.php\/projetos-residenciais\/","title":{"rendered":"Projetos residenciais"},"content":{"rendered":"\n<p>Projetos para casas ou apartamentos criando ambientes intimistas e de conv\u00edvio, desde o layout, ilumina\u00e7\u00e3o ao mobili\u00e1rio.<\/p>\n\n\n\n<figure class=\"wp-block-gallery has-nested-images columns-default is-cropped wp-block-gallery-1 is-layout-flex wp-block-gallery-is-layout-flex\">\n<figure class=\"wp-block-image size-large\"><img loading=\"lazy\" decoding=\"async\" width=\"1024\" height=\"736\" data-id=\"565\" src=\"http:\/\/trapaniarquitetura.arq.br\/wp-content\/uploads\/2025\/10\/Residencial-A-I-1024x736.jpeg\" alt=\"\" class=\"wp-image-565\" srcset=\"https:\/\/trapaniarquitetura.arq.br\/wp-content\/uploads\/2025\/10\/Residencial-A-I-1024x736.jpeg 1024w, https:\/\/trapaniarquitetura.arq.br\/wp-content\/uploads\/2025\/10\/Residencial-A-I-300x216.jpeg 300w, https:\/\/trapaniarquitetura.arq.br\/wp-content\/uploads\/2025\/10\/Residencial-A-I-768x552.jpeg 768w, https:\/\/trapaniarquitetura.arq.br\/wp-content\/uploads\/2025\/10\/Residencial-A-I.jpeg 1280w\" sizes=\"auto, (max-width: 1024px) 100vw, 1024px\" \/><\/figure>\n\n\n\n<figure class=\"wp-block-image size-large\"><img loading=\"lazy\" decoding=\"async\" width=\"1024\" height=\"585\" data-id=\"566\" src=\"http:\/\/trapaniarquitetura.arq.br\/wp-content\/uploads\/2025\/10\/Residencial-A-II-1024x585.jpeg\" alt=\"\" class=\"wp-image-566\" srcset=\"https:\/\/trapaniarquitetura.arq.br\/wp-content\/uploads\/2025\/10\/Residencial-A-II-1024x585.jpeg 1024w, https:\/\/trapaniarquitetura.arq.br\/wp-content\/uploads\/2025\/10\/Residencial-A-II-300x171.jpeg 300w, https:\/\/trapaniarquitetura.arq.br\/wp-content\/uploads\/2025\/10\/Residencial-A-II-768x439.jpeg 768w, https:\/\/trapaniarquitetura.arq.br\/wp-content\/uploads\/2025\/10\/Residencial-A-II.jpeg 1280w\" sizes=\"auto, (max-width: 1024px) 100vw, 1024px\" \/><\/figure>\n<\/figure>\n\n\n\n<figure class=\"wp-block-gallery has-nested-images columns-default is-cropped wp-block-gallery-2 is-layout-flex wp-block-gallery-is-layout-flex\">\n<figure class=\"wp-block-image size-large\"><img loading=\"lazy\" decoding=\"async\" width=\"1024\" height=\"585\" data-id=\"567\" src=\"http:\/\/trapaniarquitetura.arq.br\/wp-content\/uploads\/2025\/10\/Residencial-A-III-1024x585.jpeg\" alt=\"\" class=\"wp-image-567\" srcset=\"https:\/\/trapaniarquitetura.arq.br\/wp-content\/uploads\/2025\/10\/Residencial-A-III-1024x585.jpeg 1024w, https:\/\/trapaniarquitetura.arq.br\/wp-content\/uploads\/2025\/10\/Residencial-A-III-300x171.jpeg 300w, https:\/\/trapaniarquitetura.arq.br\/wp-content\/uploads\/2025\/10\/Residencial-A-III-768x439.jpeg 768w, https:\/\/trapaniarquitetura.arq.br\/wp-content\/uploads\/2025\/10\/Residencial-A-III.jpeg 1280w\" sizes=\"auto, (max-width: 1024px) 100vw, 1024px\" \/><\/figure>\n\n\n\n<figure class=\"wp-block-image size-large\"><img loading=\"lazy\" decoding=\"async\" width=\"1024\" height=\"486\" data-id=\"568\" src=\"http:\/\/trapaniarquitetura.arq.br\/wp-content\/uploads\/2025\/10\/Residencial-A-IV-1024x486.jpeg\" alt=\"\" class=\"wp-image-568\" srcset=\"https:\/\/trapaniarquitetura.arq.br\/wp-content\/uploads\/2025\/10\/Residencial-A-IV-1024x486.jpeg 1024w, https:\/\/trapaniarquitetura.arq.br\/wp-content\/uploads\/2025\/10\/Residencial-A-IV-300x142.jpeg 300w, https:\/\/trapaniarquitetura.arq.br\/wp-content\/uploads\/2025\/10\/Residencial-A-IV-768x364.jpeg 768w, https:\/\/trapaniarquitetura.arq.br\/wp-content\/uploads\/2025\/10\/Residencial-A-IV.jpeg 1280w\" sizes=\"auto, (max-width: 1024px) 100vw, 1024px\" \/><\/figure>\n<\/figure>\n\n\n\n<figure class=\"wp-block-gallery has-nested-images columns-default is-cropped wp-block-gallery-3 is-layout-flex wp-block-gallery-is-layout-flex\">\n<figure class=\"wp-block-image size-large\"><img loading=\"lazy\" decoding=\"async\" width=\"1024\" height=\"623\" data-id=\"569\" src=\"http:\/\/trapaniarquitetura.arq.br\/wp-content\/uploads\/2025\/10\/Residencial-A-V-1024x623.jpeg\" alt=\"\" class=\"wp-image-569\" srcset=\"https:\/\/trapaniarquitetura.arq.br\/wp-content\/uploads\/2025\/10\/Residencial-A-V-1024x623.jpeg 1024w, https:\/\/trapaniarquitetura.arq.br\/wp-content\/uploads\/2025\/10\/Residencial-A-V-300x183.jpeg 300w, https:\/\/trapaniarquitetura.arq.br\/wp-content\/uploads\/2025\/10\/Residencial-A-V-768x467.jpeg 768w, https:\/\/trapaniarquitetura.arq.br\/wp-content\/uploads\/2025\/10\/Residencial-A-V.jpeg 1280w\" sizes=\"auto, (max-width: 1024px) 100vw, 1024px\" \/><\/figure>\n\n\n\n<figure class=\"wp-block-image size-large\"><img loading=\"lazy\" decoding=\"async\" width=\"1024\" height=\"682\" data-id=\"570\" src=\"http:\/\/trapaniarquitetura.arq.br\/wp-content\/uploads\/2025\/10\/Residencial-A-1024x682.jpeg\" alt=\"\" class=\"wp-image-570\" srcset=\"https:\/\/trapaniarquitetura.arq.br\/wp-content\/uploads\/2025\/10\/Residencial-A-1024x682.jpeg 1024w, https:\/\/trapaniarquitetura.arq.br\/wp-content\/uploads\/2025\/10\/Residencial-A-300x200.jpeg 300w, https:\/\/trapaniarquitetura.arq.br\/wp-content\/uploads\/2025\/10\/Residencial-A-768x512.jpeg 768w, https:\/\/trapaniarquitetura.arq.br\/wp-content\/uploads\/2025\/10\/Residencial-A-930x620.jpeg 930w, https:\/\/trapaniarquitetura.arq.br\/wp-content\/uploads\/2025\/10\/Residencial-A.jpeg 1280w\" sizes=\"auto, (max-width: 1024px) 100vw, 1024px\" \/><\/figure>\n<\/figure>\n\n\n\n<figure class=\"wp-block-gallery has-nested-images columns-default is-cropped wp-block-gallery-4 is-layout-flex wp-block-gallery-is-layout-flex\">\n<figure class=\"wp-block-image size-large\"><img loading=\"lazy\" decoding=\"async\" width=\"1024\" height=\"626\" data-id=\"628\" src=\"http:\/\/trapaniarquitetura.arq.br\/wp-content\/uploads\/2025\/10\/trapani_arq1-1024x626.jpeg\" alt=\"\" class=\"wp-image-628\" srcset=\"https:\/\/trapaniarquitetura.arq.br\/wp-content\/uploads\/2025\/10\/trapani_arq1-1024x626.jpeg 1024w, https:\/\/trapaniarquitetura.arq.br\/wp-content\/uploads\/2025\/10\/trapani_arq1-300x184.jpeg 300w, https:\/\/trapaniarquitetura.arq.br\/wp-content\/uploads\/2025\/10\/trapani_arq1-768x470.jpeg 768w, https:\/\/trapaniarquitetura.arq.br\/wp-content\/uploads\/2025\/10\/trapani_arq1.jpeg 1280w\" sizes=\"auto, (max-width: 1024px) 100vw, 1024px\" \/><\/figure>\n<\/figure>\n\n\n\n<figure class=\"wp-block-image size-large\"><img loading=\"lazy\" decoding=\"async\" width=\"880\" height=\"1024\" src=\"http:\/\/trapaniarquitetura.arq.br\/wp-content\/uploads\/2025\/10\/Residencial-sala-jantar-880x1024.jpeg\" alt=\"\" class=\"wp-image-626\" srcset=\"https:\/\/trapaniarquitetura.arq.br\/wp-content\/uploads\/2025\/10\/Residencial-sala-jantar-880x1024.jpeg 880w, https:\/\/trapaniarquitetura.arq.br\/wp-content\/uploads\/2025\/10\/Residencial-sala-jantar-258x300.jpeg 258w, https:\/\/trapaniarquitetura.arq.br\/wp-content\/uploads\/2025\/10\/Residencial-sala-jantar-768x894.jpeg 768w, https:\/\/trapaniarquitetura.arq.br\/wp-content\/uploads\/2025\/10\/Residencial-sala-jantar.jpeg 1100w\" sizes=\"auto, (max-width: 880px) 100vw, 880px\" \/><\/figure>\n\n\n\n<figure class=\"wp-block-gallery has-nested-images columns-default is-cropped wp-block-gallery-5 is-layout-flex wp-block-gallery-is-layout-flex\">\n<figure class=\"wp-block-image size-large\"><img loading=\"lazy\" decoding=\"async\" width=\"768\" height=\"1024\" data-id=\"622\" src=\"http:\/\/trapaniarquitetura.arq.br\/wp-content\/uploads\/2025\/10\/Residencial-Leblon-Sala-antes-768x1024.jpeg\" alt=\"\" class=\"wp-image-622\" srcset=\"https:\/\/trapaniarquitetura.arq.br\/wp-content\/uploads\/2025\/10\/Residencial-Leblon-Sala-antes-768x1024.jpeg 768w, https:\/\/trapaniarquitetura.arq.br\/wp-content\/uploads\/2025\/10\/Residencial-Leblon-Sala-antes-225x300.jpeg 225w, https:\/\/trapaniarquitetura.arq.br\/wp-content\/uploads\/2025\/10\/Residencial-Leblon-Sala-antes.jpeg 960w\" sizes=\"auto, (max-width: 768px) 100vw, 768px\" \/><\/figure>\n\n\n\n<figure class=\"wp-block-image size-large\"><img loading=\"lazy\" decoding=\"async\" width=\"1024\" height=\"682\" data-id=\"623\" src=\"http:\/\/trapaniarquitetura.arq.br\/wp-content\/uploads\/2025\/10\/Residencial-Leblon-Sala-depois-1024x682.jpeg\" alt=\"\" class=\"wp-image-623\" srcset=\"https:\/\/trapaniarquitetura.arq.br\/wp-content\/uploads\/2025\/10\/Residencial-Leblon-Sala-depois-1024x682.jpeg 1024w, https:\/\/trapaniarquitetura.arq.br\/wp-content\/uploads\/2025\/10\/Residencial-Leblon-Sala-depois-300x200.jpeg 300w, https:\/\/trapaniarquitetura.arq.br\/wp-content\/uploads\/2025\/10\/Residencial-Leblon-Sala-depois-768x512.jpeg 768w, https:\/\/trapaniarquitetura.arq.br\/wp-content\/uploads\/2025\/10\/Residencial-Leblon-Sala-depois-930x620.jpeg 930w, https:\/\/trapaniarquitetura.arq.br\/wp-content\/uploads\/2025\/10\/Residencial-Leblon-Sala-depois.jpeg 1280w\" sizes=\"auto, (max-width: 1024px) 100vw, 1024px\" \/><\/figure>\n<\/figure>\n\n\n\n<figure class=\"wp-block-gallery has-nested-images columns-default is-cropped wp-block-gallery-6 is-layout-flex wp-block-gallery-is-layout-flex\">\n<figure class=\"wp-block-image size-large\"><img loading=\"lazy\" decoding=\"async\" width=\"1024\" height=\"670\" data-id=\"624\" src=\"http:\/\/trapaniarquitetura.arq.br\/wp-content\/uploads\/2025\/10\/Residencial-sala-de-estar-I-1024x670.jpeg\" alt=\"\" class=\"wp-image-624\" srcset=\"https:\/\/trapaniarquitetura.arq.br\/wp-content\/uploads\/2025\/10\/Residencial-sala-de-estar-I-1024x670.jpeg 1024w, https:\/\/trapaniarquitetura.arq.br\/wp-content\/uploads\/2025\/10\/Residencial-sala-de-estar-I-300x196.jpeg 300w, https:\/\/trapaniarquitetura.arq.br\/wp-content\/uploads\/2025\/10\/Residencial-sala-de-estar-I-768x503.jpeg 768w, https:\/\/trapaniarquitetura.arq.br\/wp-content\/uploads\/2025\/10\/Residencial-sala-de-estar-I.jpeg 1280w\" sizes=\"auto, (max-width: 1024px) 100vw, 1024px\" \/><\/figure>\n<\/figure>\n\n\n\n<figure class=\"wp-block-gallery has-nested-images columns-default is-cropped wp-block-gallery-7 is-layout-flex wp-block-gallery-is-layout-flex\">\n<figure class=\"wp-block-image size-large\"><img loading=\"lazy\" decoding=\"async\" width=\"1024\" height=\"603\" data-id=\"625\" src=\"http:\/\/trapaniarquitetura.arq.br\/wp-content\/uploads\/2025\/10\/Residencial-sala-de-estar-1024x603.jpeg\" alt=\"\" class=\"wp-image-625\" srcset=\"https:\/\/trapaniarquitetura.arq.br\/wp-content\/uploads\/2025\/10\/Residencial-sala-de-estar-1024x603.jpeg 1024w, https:\/\/trapaniarquitetura.arq.br\/wp-content\/uploads\/2025\/10\/Residencial-sala-de-estar-300x177.jpeg 300w, https:\/\/trapaniarquitetura.arq.br\/wp-content\/uploads\/2025\/10\/Residencial-sala-de-estar-768x452.jpeg 768w, https:\/\/trapaniarquitetura.arq.br\/wp-content\/uploads\/2025\/10\/Residencial-sala-de-estar.jpeg 1280w\" sizes=\"auto, (max-width: 1024px) 100vw, 1024px\" \/><\/figure>\n\n\n\n<figure class=\"wp-block-image size-large\"><img loading=\"lazy\" decoding=\"async\" width=\"1024\" height=\"683\" data-id=\"629\" src=\"http:\/\/trapaniarquitetura.arq.br\/wp-content\/uploads\/2025\/10\/trapani_arq2-1024x683.jpeg\" alt=\"\" class=\"wp-image-629\" srcset=\"https:\/\/trapaniarquitetura.arq.br\/wp-content\/uploads\/2025\/10\/trapani_arq2-1024x683.jpeg 1024w, https:\/\/trapaniarquitetura.arq.br\/wp-content\/uploads\/2025\/10\/trapani_arq2-300x200.jpeg 300w, https:\/\/trapaniarquitetura.arq.br\/wp-content\/uploads\/2025\/10\/trapani_arq2-768x512.jpeg 768w, https:\/\/trapaniarquitetura.arq.br\/wp-content\/uploads\/2025\/10\/trapani_arq2-930x620.jpeg 930w, https:\/\/trapaniarquitetura.arq.br\/wp-content\/uploads\/2025\/10\/trapani_arq2.jpeg 1280w\" sizes=\"auto, (max-width: 1024px) 100vw, 1024px\" \/><\/figure>\n<\/figure>\n\n\n\n<figure class=\"wp-block-gallery has-nested-images columns-default is-cropped wp-block-gallery-8 is-layout-flex wp-block-gallery-is-layout-flex\">\n<figure class=\"wp-block-image size-large\"><img loading=\"lazy\" decoding=\"async\" width=\"768\" height=\"1024\" data-id=\"618\" src=\"http:\/\/trapaniarquitetura.arq.br\/wp-content\/uploads\/2025\/10\/Residencial-Leblon-antes-768x1024.jpeg\" alt=\"\" class=\"wp-image-618\" srcset=\"https:\/\/trapaniarquitetura.arq.br\/wp-content\/uploads\/2025\/10\/Residencial-Leblon-antes-768x1024.jpeg 768w, https:\/\/trapaniarquitetura.arq.br\/wp-content\/uploads\/2025\/10\/Residencial-Leblon-antes-225x300.jpeg 225w, https:\/\/trapaniarquitetura.arq.br\/wp-content\/uploads\/2025\/10\/Residencial-Leblon-antes.jpeg 960w\" sizes=\"auto, (max-width: 768px) 100vw, 768px\" \/><\/figure>\n\n\n\n<figure class=\"wp-block-image size-large\"><img loading=\"lazy\" decoding=\"async\" width=\"1024\" height=\"747\" data-id=\"619\" src=\"http:\/\/trapaniarquitetura.arq.br\/wp-content\/uploads\/2025\/10\/Residencial-Leblon-antes-e-depois-1024x747.jpeg\" alt=\"\" class=\"wp-image-619\" srcset=\"https:\/\/trapaniarquitetura.arq.br\/wp-content\/uploads\/2025\/10\/Residencial-Leblon-antes-e-depois-1024x747.jpeg 1024w, https:\/\/trapaniarquitetura.arq.br\/wp-content\/uploads\/2025\/10\/Residencial-Leblon-antes-e-depois-300x219.jpeg 300w, https:\/\/trapaniarquitetura.arq.br\/wp-content\/uploads\/2025\/10\/Residencial-Leblon-antes-e-depois-768x560.jpeg 768w, https:\/\/trapaniarquitetura.arq.br\/wp-content\/uploads\/2025\/10\/Residencial-Leblon-antes-e-depois.jpeg 1280w\" sizes=\"auto, (max-width: 1024px) 100vw, 1024px\" \/><\/figure>\n<\/figure>\n\n\n\n<figure class=\"wp-block-gallery has-nested-images columns-default is-cropped wp-block-gallery-9 is-layout-flex wp-block-gallery-is-layout-flex\">\n<figure class=\"wp-block-image size-large\"><img loading=\"lazy\" decoding=\"async\" width=\"1024\" height=\"761\" data-id=\"621\" src=\"http:\/\/trapaniarquitetura.arq.br\/wp-content\/uploads\/2025\/10\/Residencial-Leblon-cozinha-1024x761.jpeg\" alt=\"\" class=\"wp-image-621\" srcset=\"https:\/\/trapaniarquitetura.arq.br\/wp-content\/uploads\/2025\/10\/Residencial-Leblon-cozinha-1024x761.jpeg 1024w, https:\/\/trapaniarquitetura.arq.br\/wp-content\/uploads\/2025\/10\/Residencial-Leblon-cozinha-300x223.jpeg 300w, https:\/\/trapaniarquitetura.arq.br\/wp-content\/uploads\/2025\/10\/Residencial-Leblon-cozinha-768x571.jpeg 768w, https:\/\/trapaniarquitetura.arq.br\/wp-content\/uploads\/2025\/10\/Residencial-Leblon-cozinha.jpeg 1280w\" sizes=\"auto, (max-width: 1024px) 100vw, 1024px\" \/><\/figure>\n\n\n\n<figure class=\"wp-block-image size-large\"><img loading=\"lazy\" decoding=\"async\" width=\"1024\" height=\"650\" data-id=\"620\" src=\"http:\/\/trapaniarquitetura.arq.br\/wp-content\/uploads\/2025\/10\/Residencial-Leblon-Cozinha-I-depois-1024x650.jpeg\" alt=\"\" class=\"wp-image-620\" srcset=\"https:\/\/trapaniarquitetura.arq.br\/wp-content\/uploads\/2025\/10\/Residencial-Leblon-Cozinha-I-depois-1024x650.jpeg 1024w, https:\/\/trapaniarquitetura.arq.br\/wp-content\/uploads\/2025\/10\/Residencial-Leblon-Cozinha-I-depois-300x190.jpeg 300w, https:\/\/trapaniarquitetura.arq.br\/wp-content\/uploads\/2025\/10\/Residencial-Leblon-Cozinha-I-depois-768x487.jpeg 768w, https:\/\/trapaniarquitetura.arq.br\/wp-content\/uploads\/2025\/10\/Residencial-Leblon-Cozinha-I-depois.jpeg 1280w\" sizes=\"auto, (max-width: 1024px) 100vw, 1024px\" \/><\/figure>\n<\/figure>\n\n\n\n<figure class=\"wp-block-gallery has-nested-images columns-default is-cropped wp-block-gallery-10 is-layout-flex wp-block-gallery-is-layout-flex\">\n<figure class=\"wp-block-image size-large\"><img loading=\"lazy\" decoding=\"async\" width=\"1024\" height=\"826\" data-id=\"627\" src=\"http:\/\/trapaniarquitetura.arq.br\/wp-content\/uploads\/2025\/10\/Residencial-Leblon-banheiro-1024x826.jpeg\" alt=\"\" class=\"wp-image-627\" srcset=\"https:\/\/trapaniarquitetura.arq.br\/wp-content\/uploads\/2025\/10\/Residencial-Leblon-banheiro-1024x826.jpeg 1024w, https:\/\/trapaniarquitetura.arq.br\/wp-content\/uploads\/2025\/10\/Residencial-Leblon-banheiro-300x242.jpeg 300w, https:\/\/trapaniarquitetura.arq.br\/wp-content\/uploads\/2025\/10\/Residencial-Leblon-banheiro-768x620.jpeg 768w, https:\/\/trapaniarquitetura.arq.br\/wp-content\/uploads\/2025\/10\/Residencial-Leblon-banheiro.jpeg 1280w\" sizes=\"auto, (max-width: 1024px) 100vw, 1024px\" \/><\/figure>\n<\/figure>\n","protected":false},"excerpt":{"rendered":"<p>Projetos para casas ou apartamentos criando ambientes intimistas e de conv\u00edvio, desde o layout, ilumina\u00e7\u00e3o ao mobili\u00e1rio.<\/p>\n","protected":false},"author":1,"featured_media":0,"parent":0,"menu_order":0,"comment_status":"closed","ping_status":"closed","template":"","meta":{"neve_meta_sidebar":"","neve_meta_container":"","neve_meta_enable_content_width":"","neve_meta_content_width":0,"neve_meta_title_alignment":"","neve_meta_author_avatar":"","neve_post_elements_order":"","neve_meta_disable_header":"","neve_meta_disable_footer":"","neve_meta_disable_title":"","_themeisle_gutenberg_block_has_review":false,"_joinchat":[],"footnotes":""},"class_list":["post-564","page","type-page","status-publish","hentry"],"yoast_head":"<!-- This site is optimized with the Yoast SEO plugin v26.1.1 - https:\/\/yoast.com\/wordpress\/plugins\/seo\/ -->\n<title>Projetos residenciais - Trapani Arquitetura<\/title>\n<meta name=\"robots\" content=\"index, follow, max-snippet:-1, max-image-preview:large, max-video-preview:-1\" \/>\n<link rel=\"canonical\" href=\"http:\/\/trapaniarquitetura.arq.br\/index.php\/projetos-residenciais\/\" \/>\n<meta property=\"og:locale\" content=\"en_US\" \/>\n<meta property=\"og:type\" content=\"article\" \/>\n<meta property=\"og:title\" content=\"Projetos residenciais - Trapani Arquitetura\" \/>\n<meta property=\"og:description\" content=\"Projetos para casas ou apartamentos criando ambientes intimistas e de conv\u00edvio, desde o layout, ilumina\u00e7\u00e3o ao mobili\u00e1rio.\" \/>\n<meta property=\"og:url\" content=\"http:\/\/trapaniarquitetura.arq.br\/index.php\/projetos-residenciais\/\" \/>\n<meta property=\"og:site_name\" content=\"Trapani Arquitetura\" \/>\n<meta property=\"article:modified_time\" content=\"2025-10-29T13:04:34+00:00\" \/>\n<meta property=\"og:image\" content=\"http:\/\/trapaniarquitetura.arq.br\/wp-content\/uploads\/2025\/10\/Residencial-A-I-1024x736.jpeg\" \/>\n<meta name=\"twitter:card\" content=\"summary_large_image\" \/>\n<meta name=\"twitter:label1\" content=\"Est. reading time\" \/>\n\t<meta name=\"twitter:data1\" content=\"4 minutes\" \/>\n<script type=\"application\/ld+json\" class=\"yoast-schema-graph\">{\"@context\":\"https:\/\/schema.org\",\"@graph\":[{\"@type\":\"WebPage\",\"@id\":\"http:\/\/trapaniarquitetura.arq.br\/index.php\/projetos-residenciais\/\",\"url\":\"http:\/\/trapaniarquitetura.arq.br\/index.php\/projetos-residenciais\/\",\"name\":\"Projetos residenciais - Trapani Arquitetura\",\"isPartOf\":{\"@id\":\"http:\/\/trapaniarquitetura.arq.br\/#website\"},\"primaryImageOfPage\":{\"@id\":\"http:\/\/trapaniarquitetura.arq.br\/index.php\/projetos-residenciais\/#primaryimage\"},\"image\":{\"@id\":\"http:\/\/trapaniarquitetura.arq.br\/index.php\/projetos-residenciais\/#primaryimage\"},\"thumbnailUrl\":\"http:\/\/trapaniarquitetura.arq.br\/wp-content\/uploads\/2025\/10\/Residencial-A-I-1024x736.jpeg\",\"datePublished\":\"2025-10-22T20:24:52+00:00\",\"dateModified\":\"2025-10-29T13:04:34+00:00\",\"breadcrumb\":{\"@id\":\"http:\/\/trapaniarquitetura.arq.br\/index.php\/projetos-residenciais\/#breadcrumb\"},\"inLanguage\":\"en-US\",\"potentialAction\":[{\"@type\":\"ReadAction\",\"target\":[\"http:\/\/trapaniarquitetura.arq.br\/index.php\/projetos-residenciais\/\"]}]},{\"@type\":\"ImageObject\",\"inLanguage\":\"en-US\",\"@id\":\"http:\/\/trapaniarquitetura.arq.br\/index.php\/projetos-residenciais\/#primaryimage\",\"url\":\"https:\/\/trapaniarquitetura.arq.br\/wp-content\/uploads\/2025\/10\/Residencial-A-I.jpeg\",\"contentUrl\":\"https:\/\/trapaniarquitetura.arq.br\/wp-content\/uploads\/2025\/10\/Residencial-A-I.jpeg\",\"width\":1280,\"height\":920},{\"@type\":\"BreadcrumbList\",\"@id\":\"http:\/\/trapaniarquitetura.arq.br\/index.php\/projetos-residenciais\/#breadcrumb\",\"itemListElement\":[{\"@type\":\"ListItem\",\"position\":1,\"name\":\"Home\",\"item\":\"https:\/\/trapaniarquitetura.arq.br\/\"},{\"@type\":\"ListItem\",\"position\":2,\"name\":\"Projetos residenciais\"}]},{\"@type\":\"WebSite\",\"@id\":\"http:\/\/trapaniarquitetura.arq.br\/#website\",\"url\":\"http:\/\/trapaniarquitetura.arq.br\/\",\"name\":\"Trapani Arquitetura\",\"description\":\"\",\"potentialAction\":[{\"@type\":\"SearchAction\",\"target\":{\"@type\":\"EntryPoint\",\"urlTemplate\":\"http:\/\/trapaniarquitetura.arq.br\/?s={search_term_string}\"},\"query-input\":{\"@type\":\"PropertyValueSpecification\",\"valueRequired\":true,\"valueName\":\"search_term_string\"}}],\"inLanguage\":\"en-US\"}]}<\/script>\n<!-- \/ Yoast SEO plugin. -->","yoast_head_json":{"title":"Projetos residenciais - Trapani Arquitetura","robots":{"index":"index","follow":"follow","max-snippet":"max-snippet:-1","max-image-preview":"max-image-preview:large","max-video-preview":"max-video-preview:-1"},"canonical":"http:\/\/trapaniarquitetura.arq.br\/index.php\/projetos-residenciais\/","og_locale":"en_US","og_type":"article","og_title":"Projetos residenciais - Trapani Arquitetura","og_description":"Projetos para casas ou apartamentos criando ambientes intimistas e de conv\u00edvio, desde o layout, ilumina\u00e7\u00e3o ao mobili\u00e1rio.","og_url":"http:\/\/trapaniarquitetura.arq.br\/index.php\/projetos-residenciais\/","og_site_name":"Trapani Arquitetura","article_modified_time":"2025-10-29T13:04:34+00:00","og_image":[{"url":"http:\/\/trapaniarquitetura.arq.br\/wp-content\/uploads\/2025\/10\/Residencial-A-I-1024x736.jpeg","type":"","width":"","height":""}],"twitter_card":"summary_large_image","twitter_misc":{"Est. reading time":"4 minutes"},"schema":{"@context":"https:\/\/schema.org","@graph":[{"@type":"WebPage","@id":"http:\/\/trapaniarquitetura.arq.br\/index.php\/projetos-residenciais\/","url":"http:\/\/trapaniarquitetura.arq.br\/index.php\/projetos-residenciais\/","name":"Projetos residenciais - Trapani Arquitetura","isPartOf":{"@id":"http:\/\/trapaniarquitetura.arq.br\/#website"},"primaryImageOfPage":{"@id":"http:\/\/trapaniarquitetura.arq.br\/index.php\/projetos-residenciais\/#primaryimage"},"image":{"@id":"http:\/\/trapaniarquitetura.arq.br\/index.php\/projetos-residenciais\/#primaryimage"},"thumbnailUrl":"http:\/\/trapaniarquitetura.arq.br\/wp-content\/uploads\/2025\/10\/Residencial-A-I-1024x736.jpeg","datePublished":"2025-10-22T20:24:52+00:00","dateModified":"2025-10-29T13:04:34+00:00","breadcrumb":{"@id":"http:\/\/trapaniarquitetura.arq.br\/index.php\/projetos-residenciais\/#breadcrumb"},"inLanguage":"en-US","potentialAction":[{"@type":"ReadAction","target":["http:\/\/trapaniarquitetura.arq.br\/index.php\/projetos-residenciais\/"]}]},{"@type":"ImageObject","inLanguage":"en-US","@id":"http:\/\/trapaniarquitetura.arq.br\/index.php\/projetos-residenciais\/#primaryimage","url":"https:\/\/trapaniarquitetura.arq.br\/wp-content\/uploads\/2025\/10\/Residencial-A-I.jpeg","contentUrl":"https:\/\/trapaniarquitetura.arq.br\/wp-content\/uploads\/2025\/10\/Residencial-A-I.jpeg","width":1280,"height":920},{"@type":"BreadcrumbList","@id":"http:\/\/trapaniarquitetura.arq.br\/index.php\/projetos-residenciais\/#breadcrumb","itemListElement":[{"@type":"ListItem","position":1,"name":"Home","item":"https:\/\/trapaniarquitetura.arq.br\/"},{"@type":"ListItem","position":2,"name":"Projetos residenciais"}]},{"@type":"WebSite","@id":"http:\/\/trapaniarquitetura.arq.br\/#website","url":"http:\/\/trapaniarquitetura.arq.br\/","name":"Trapani Arquitetura","description":"","potentialAction":[{"@type":"SearchAction","target":{"@type":"EntryPoint","urlTemplate":"http:\/\/trapaniarquitetura.arq.br\/?s={search_term_string}"},"query-input":{"@type":"PropertyValueSpecification","valueRequired":true,"valueName":"search_term_string"}}],"inLanguage":"en-US"}]}},"_links":{"self":[{"href":"https:\/\/trapaniarquitetura.arq.br\/index.php\/wp-json\/wp\/v2\/pages\/564","targetHints":{"allow":["GET"]}}],"collection":[{"href":"https:\/\/trapaniarquitetura.arq.br\/index.php\/wp-json\/wp\/v2\/pages"}],"about":[{"href":"https:\/\/trapaniarquitetura.arq.br\/index.php\/wp-json\/wp\/v2\/types\/page"}],"author":[{"embeddable":true,"href":"https:\/\/trapaniarquitetura.arq.br\/index.php\/wp-json\/wp\/v2\/users\/1"}],"replies":[{"embeddable":true,"href":"https:\/\/trapaniarquitetura.arq.br\/index.php\/wp-json\/wp\/v2\/comments?post=564"}],"version-history":[{"count":3,"href":"https:\/\/trapaniarquitetura.arq.br\/index.php\/wp-json\/wp\/v2\/pages\/564\/revisions"}],"predecessor-version":[{"id":630,"href":"https:\/\/trapaniarquitetura.arq.br\/index.php\/wp-json\/wp\/v2\/pages\/564\/revisions\/630"}],"wp:attachment":[{"href":"https:\/\/trapaniarquitetura.arq.br\/index.php\/wp-json\/wp\/v2\/media?parent=564"}],"curies":[{"name":"wp","href":"https:\/\/api.w.org\/{rel}","templated":true}]}}