{"id":590,"date":"2025-10-23T10:23:18","date_gmt":"2025-10-23T13:23:18","guid":{"rendered":"http:\/\/trapaniarquitetura.arq.br\/?page_id=590"},"modified":"2025-10-24T17:13:14","modified_gmt":"2025-10-24T20:13:14","slug":"projetos-comerciais","status":"publish","type":"page","link":"https:\/\/trapaniarquitetura.arq.br\/index.php\/projetos-comerciais\/","title":{"rendered":"Projetos comerciais recentes"},"content":{"rendered":"\n<p>Lojas e Varejo<\/p>\n\n\n\n<figure class=\"wp-block-gallery has-nested-images columns-default is-cropped wp-block-gallery-1 is-layout-flex wp-block-gallery-is-layout-flex\">\n<figure class=\"wp-block-image size-large\"><img loading=\"lazy\" decoding=\"async\" width=\"1024\" height=\"585\" data-id=\"558\" src=\"http:\/\/trapaniarquitetura.arq.br\/wp-content\/uploads\/2025\/10\/loja-arrivee-norte-shopping-I-1024x585.jpeg\" alt=\"\" class=\"wp-image-558\" srcset=\"https:\/\/trapaniarquitetura.arq.br\/wp-content\/uploads\/2025\/10\/loja-arrivee-norte-shopping-I-1024x585.jpeg 1024w, https:\/\/trapaniarquitetura.arq.br\/wp-content\/uploads\/2025\/10\/loja-arrivee-norte-shopping-I-300x171.jpeg 300w, https:\/\/trapaniarquitetura.arq.br\/wp-content\/uploads\/2025\/10\/loja-arrivee-norte-shopping-I-768x439.jpeg 768w, https:\/\/trapaniarquitetura.arq.br\/wp-content\/uploads\/2025\/10\/loja-arrivee-norte-shopping-I.jpeg 1280w\" sizes=\"auto, (max-width: 1024px) 100vw, 1024px\" \/><\/figure>\n\n\n\n<figure class=\"wp-block-image size-large\"><img loading=\"lazy\" decoding=\"async\" width=\"1024\" height=\"765\" data-id=\"559\" src=\"http:\/\/trapaniarquitetura.arq.br\/wp-content\/uploads\/2025\/10\/loja-arrivee-norte-shopping-II-1024x765.jpeg\" alt=\"\" class=\"wp-image-559\" srcset=\"https:\/\/trapaniarquitetura.arq.br\/wp-content\/uploads\/2025\/10\/loja-arrivee-norte-shopping-II-1024x765.jpeg 1024w, https:\/\/trapaniarquitetura.arq.br\/wp-content\/uploads\/2025\/10\/loja-arrivee-norte-shopping-II-300x224.jpeg 300w, https:\/\/trapaniarquitetura.arq.br\/wp-content\/uploads\/2025\/10\/loja-arrivee-norte-shopping-II-768x574.jpeg 768w, https:\/\/trapaniarquitetura.arq.br\/wp-content\/uploads\/2025\/10\/loja-arrivee-norte-shopping-II.jpeg 1280w\" sizes=\"auto, (max-width: 1024px) 100vw, 1024px\" \/><\/figure>\n<\/figure>\n\n\n\n<figure class=\"wp-block-gallery has-nested-images columns-default is-cropped wp-block-gallery-2 is-layout-flex wp-block-gallery-is-layout-flex\">\n<figure class=\"wp-block-image size-large\"><img loading=\"lazy\" decoding=\"async\" width=\"1024\" height=\"623\" data-id=\"560\" src=\"http:\/\/trapaniarquitetura.arq.br\/wp-content\/uploads\/2025\/10\/loja-arrivee-norte-shopping-1024x623.jpeg\" alt=\"\" class=\"wp-image-560\" srcset=\"https:\/\/trapaniarquitetura.arq.br\/wp-content\/uploads\/2025\/10\/loja-arrivee-norte-shopping-1024x623.jpeg 1024w, https:\/\/trapaniarquitetura.arq.br\/wp-content\/uploads\/2025\/10\/loja-arrivee-norte-shopping-300x183.jpeg 300w, https:\/\/trapaniarquitetura.arq.br\/wp-content\/uploads\/2025\/10\/loja-arrivee-norte-shopping-768x467.jpeg 768w, https:\/\/trapaniarquitetura.arq.br\/wp-content\/uploads\/2025\/10\/loja-arrivee-norte-shopping.jpeg 1280w\" sizes=\"auto, (max-width: 1024px) 100vw, 1024px\" \/><\/figure>\n<\/figure>\n\n\n\n<figure class=\"wp-block-gallery has-nested-images columns-default is-cropped wp-block-gallery-3 is-layout-flex wp-block-gallery-is-layout-flex\">\n<figure class=\"wp-block-image size-large\"><img loading=\"lazy\" decoding=\"async\" width=\"848\" height=\"1024\" data-id=\"561\" src=\"http:\/\/trapaniarquitetura.arq.br\/wp-content\/uploads\/2025\/10\/loja-Black-tie-I-848x1024.jpeg\" alt=\"\" class=\"wp-image-561\" srcset=\"https:\/\/trapaniarquitetura.arq.br\/wp-content\/uploads\/2025\/10\/loja-Black-tie-I-848x1024.jpeg 848w, https:\/\/trapaniarquitetura.arq.br\/wp-content\/uploads\/2025\/10\/loja-Black-tie-I-248x300.jpeg 248w, https:\/\/trapaniarquitetura.arq.br\/wp-content\/uploads\/2025\/10\/loja-Black-tie-I-768x927.jpeg 768w, https:\/\/trapaniarquitetura.arq.br\/wp-content\/uploads\/2025\/10\/loja-Black-tie-I.jpeg 1060w\" sizes=\"auto, (max-width: 848px) 100vw, 848px\" \/><\/figure>\n\n\n\n<figure class=\"wp-block-image size-large\"><img loading=\"lazy\" decoding=\"async\" width=\"1006\" height=\"1024\" data-id=\"562\" src=\"http:\/\/trapaniarquitetura.arq.br\/wp-content\/uploads\/2025\/10\/loja-Black-tie-1006x1024.jpeg\" alt=\"\" class=\"wp-image-562\" srcset=\"https:\/\/trapaniarquitetura.arq.br\/wp-content\/uploads\/2025\/10\/loja-Black-tie-1006x1024.jpeg 1006w, https:\/\/trapaniarquitetura.arq.br\/wp-content\/uploads\/2025\/10\/loja-Black-tie-295x300.jpeg 295w, https:\/\/trapaniarquitetura.arq.br\/wp-content\/uploads\/2025\/10\/loja-Black-tie-768x781.jpeg 768w, https:\/\/trapaniarquitetura.arq.br\/wp-content\/uploads\/2025\/10\/loja-Black-tie.jpeg 1258w\" sizes=\"auto, (max-width: 1006px) 100vw, 1006px\" \/><\/figure>\n<\/figure>\n\n\n\n<p><\/p>\n\n\n\n<p>Escrit\u00f3rios e Salas comerciais<\/p>\n\n\n\n<figure class=\"wp-block-gallery has-nested-images columns-default is-cropped wp-block-gallery-4 is-layout-flex wp-block-gallery-is-layout-flex\">\n<figure class=\"wp-block-image size-large\"><img loading=\"lazy\" decoding=\"async\" width=\"1024\" height=\"576\" data-id=\"592\" src=\"http:\/\/trapaniarquitetura.arq.br\/wp-content\/uploads\/2025\/10\/OAK-1-1024x576.jpeg\" alt=\"\" class=\"wp-image-592\" srcset=\"https:\/\/trapaniarquitetura.arq.br\/wp-content\/uploads\/2025\/10\/OAK-1-1024x576.jpeg 1024w, https:\/\/trapaniarquitetura.arq.br\/wp-content\/uploads\/2025\/10\/OAK-1-300x169.jpeg 300w, https:\/\/trapaniarquitetura.arq.br\/wp-content\/uploads\/2025\/10\/OAK-1-768x432.jpeg 768w, https:\/\/trapaniarquitetura.arq.br\/wp-content\/uploads\/2025\/10\/OAK-1.jpeg 1280w\" sizes=\"auto, (max-width: 1024px) 100vw, 1024px\" \/><\/figure>\n\n\n\n<figure class=\"wp-block-image size-large\"><img loading=\"lazy\" decoding=\"async\" width=\"1024\" height=\"607\" data-id=\"593\" src=\"http:\/\/trapaniarquitetura.arq.br\/wp-content\/uploads\/2025\/10\/SALA-comercial-1-1024x607.jpeg\" alt=\"\" class=\"wp-image-593\" srcset=\"https:\/\/trapaniarquitetura.arq.br\/wp-content\/uploads\/2025\/10\/SALA-comercial-1-1024x607.jpeg 1024w, https:\/\/trapaniarquitetura.arq.br\/wp-content\/uploads\/2025\/10\/SALA-comercial-1-300x178.jpeg 300w, https:\/\/trapaniarquitetura.arq.br\/wp-content\/uploads\/2025\/10\/SALA-comercial-1-768x455.jpeg 768w, https:\/\/trapaniarquitetura.arq.br\/wp-content\/uploads\/2025\/10\/SALA-comercial-1.jpeg 1280w\" sizes=\"auto, (max-width: 1024px) 100vw, 1024px\" \/><\/figure>\n<\/figure>\n\n\n\n<figure class=\"wp-block-gallery has-nested-images columns-default is-cropped wp-block-gallery-5 is-layout-flex wp-block-gallery-is-layout-flex\">\n<figure class=\"wp-block-image size-large\"><img loading=\"lazy\" decoding=\"async\" width=\"1024\" height=\"848\" data-id=\"594\" src=\"http:\/\/trapaniarquitetura.arq.br\/wp-content\/uploads\/2025\/10\/SALA-comercial-croqui-estudo-preliminar-2-1024x848.jpeg\" alt=\"\" class=\"wp-image-594\" srcset=\"https:\/\/trapaniarquitetura.arq.br\/wp-content\/uploads\/2025\/10\/SALA-comercial-croqui-estudo-preliminar-2-1024x848.jpeg 1024w, https:\/\/trapaniarquitetura.arq.br\/wp-content\/uploads\/2025\/10\/SALA-comercial-croqui-estudo-preliminar-2-300x249.jpeg 300w, https:\/\/trapaniarquitetura.arq.br\/wp-content\/uploads\/2025\/10\/SALA-comercial-croqui-estudo-preliminar-2-768x636.jpeg 768w, https:\/\/trapaniarquitetura.arq.br\/wp-content\/uploads\/2025\/10\/SALA-comercial-croqui-estudo-preliminar-2.jpeg 1120w\" sizes=\"auto, (max-width: 1024px) 100vw, 1024px\" \/><\/figure>\n<\/figure>\n\n\n\n<p><\/p>\n\n\n\n<p>Consult\u00f3rios e Espa\u00e7os de sa\u00fade<\/p>\n\n\n\n<figure class=\"wp-block-gallery has-nested-images columns-default is-cropped wp-block-gallery-6 is-layout-flex wp-block-gallery-is-layout-flex\">\n<figure class=\"wp-block-image size-large\"><img loading=\"lazy\" decoding=\"async\" width=\"1024\" height=\"585\" data-id=\"595\" src=\"http:\/\/trapaniarquitetura.arq.br\/wp-content\/uploads\/2025\/10\/Clinica-Espaco-Biophysis-I-1-1024x585.jpeg\" alt=\"\" class=\"wp-image-595\" srcset=\"https:\/\/trapaniarquitetura.arq.br\/wp-content\/uploads\/2025\/10\/Clinica-Espaco-Biophysis-I-1-1024x585.jpeg 1024w, https:\/\/trapaniarquitetura.arq.br\/wp-content\/uploads\/2025\/10\/Clinica-Espaco-Biophysis-I-1-300x171.jpeg 300w, https:\/\/trapaniarquitetura.arq.br\/wp-content\/uploads\/2025\/10\/Clinica-Espaco-Biophysis-I-1-768x439.jpeg 768w, https:\/\/trapaniarquitetura.arq.br\/wp-content\/uploads\/2025\/10\/Clinica-Espaco-Biophysis-I-1.jpeg 1280w\" sizes=\"auto, (max-width: 1024px) 100vw, 1024px\" \/><\/figure>\n\n\n\n<figure class=\"wp-block-image size-large\"><img loading=\"lazy\" decoding=\"async\" width=\"1024\" height=\"448\" data-id=\"596\" src=\"http:\/\/trapaniarquitetura.arq.br\/wp-content\/uploads\/2025\/10\/Clinica-Espaco-Biophysis-1-1024x448.jpeg\" alt=\"\" class=\"wp-image-596\" srcset=\"https:\/\/trapaniarquitetura.arq.br\/wp-content\/uploads\/2025\/10\/Clinica-Espaco-Biophysis-1-1024x448.jpeg 1024w, https:\/\/trapaniarquitetura.arq.br\/wp-content\/uploads\/2025\/10\/Clinica-Espaco-Biophysis-1-300x131.jpeg 300w, https:\/\/trapaniarquitetura.arq.br\/wp-content\/uploads\/2025\/10\/Clinica-Espaco-Biophysis-1-768x336.jpeg 768w, https:\/\/trapaniarquitetura.arq.br\/wp-content\/uploads\/2025\/10\/Clinica-Espaco-Biophysis-1.jpeg 1280w\" sizes=\"auto, (max-width: 1024px) 100vw, 1024px\" \/><\/figure>\n<\/figure>\n\n\n\n<p><\/p>\n\n\n\n<p>Condom\u00ednios<\/p>\n\n\n\n<figure class=\"wp-block-gallery has-nested-images columns-default is-cropped wp-block-gallery-7 is-layout-flex wp-block-gallery-is-layout-flex\">\n<figure class=\"wp-block-image size-large\"><img loading=\"lazy\" decoding=\"async\" width=\"1024\" height=\"722\" data-id=\"597\" src=\"http:\/\/trapaniarquitetura.arq.br\/wp-content\/uploads\/2025\/10\/condominios-piscina-antes-1-1024x722.jpeg\" alt=\"\" class=\"wp-image-597\" srcset=\"https:\/\/trapaniarquitetura.arq.br\/wp-content\/uploads\/2025\/10\/condominios-piscina-antes-1-1024x722.jpeg 1024w, https:\/\/trapaniarquitetura.arq.br\/wp-content\/uploads\/2025\/10\/condominios-piscina-antes-1-300x211.jpeg 300w, https:\/\/trapaniarquitetura.arq.br\/wp-content\/uploads\/2025\/10\/condominios-piscina-antes-1-768x541.jpeg 768w, https:\/\/trapaniarquitetura.arq.br\/wp-content\/uploads\/2025\/10\/condominios-piscina-antes-1.jpeg 1280w\" sizes=\"auto, (max-width: 1024px) 100vw, 1024px\" \/><\/figure>\n\n\n\n<figure class=\"wp-block-image size-large\"><img loading=\"lazy\" decoding=\"async\" width=\"1024\" height=\"659\" data-id=\"598\" src=\"http:\/\/trapaniarquitetura.arq.br\/wp-content\/uploads\/2025\/10\/condominios-piscina-depois-1-1024x659.jpeg\" alt=\"\" class=\"wp-image-598\" srcset=\"https:\/\/trapaniarquitetura.arq.br\/wp-content\/uploads\/2025\/10\/condominios-piscina-depois-1-1024x659.jpeg 1024w, https:\/\/trapaniarquitetura.arq.br\/wp-content\/uploads\/2025\/10\/condominios-piscina-depois-1-300x193.jpeg 300w, https:\/\/trapaniarquitetura.arq.br\/wp-content\/uploads\/2025\/10\/condominios-piscina-depois-1-768x494.jpeg 768w, https:\/\/trapaniarquitetura.arq.br\/wp-content\/uploads\/2025\/10\/condominios-piscina-depois-1.jpeg 1280w\" sizes=\"auto, (max-width: 1024px) 100vw, 1024px\" \/><\/figure>\n<\/figure>\n\n\n\n<figure class=\"wp-block-gallery has-nested-images columns-default is-cropped wp-block-gallery-8 is-layout-flex wp-block-gallery-is-layout-flex\">\n<figure class=\"wp-block-image size-large\"><img loading=\"lazy\" decoding=\"async\" width=\"1024\" height=\"685\" data-id=\"601\" src=\"http:\/\/trapaniarquitetura.arq.br\/wp-content\/uploads\/2025\/10\/condominios-I-3-1024x685.jpeg\" alt=\"\" class=\"wp-image-601\" srcset=\"https:\/\/trapaniarquitetura.arq.br\/wp-content\/uploads\/2025\/10\/condominios-I-3-1024x685.jpeg 1024w, https:\/\/trapaniarquitetura.arq.br\/wp-content\/uploads\/2025\/10\/condominios-I-3-300x201.jpeg 300w, https:\/\/trapaniarquitetura.arq.br\/wp-content\/uploads\/2025\/10\/condominios-I-3-768x514.jpeg 768w, https:\/\/trapaniarquitetura.arq.br\/wp-content\/uploads\/2025\/10\/condominios-I-3.jpeg 1280w\" sizes=\"auto, (max-width: 1024px) 100vw, 1024px\" \/><\/figure>\n\n\n\n<figure class=\"wp-block-image size-large\"><img loading=\"lazy\" decoding=\"async\" width=\"1024\" height=\"664\" data-id=\"602\" src=\"http:\/\/trapaniarquitetura.arq.br\/wp-content\/uploads\/2025\/10\/condominios-2-1024x664.jpeg\" alt=\"\" class=\"wp-image-602\" srcset=\"https:\/\/trapaniarquitetura.arq.br\/wp-content\/uploads\/2025\/10\/condominios-2-1024x664.jpeg 1024w, https:\/\/trapaniarquitetura.arq.br\/wp-content\/uploads\/2025\/10\/condominios-2-300x195.jpeg 300w, https:\/\/trapaniarquitetura.arq.br\/wp-content\/uploads\/2025\/10\/condominios-2-768x498.jpeg 768w, https:\/\/trapaniarquitetura.arq.br\/wp-content\/uploads\/2025\/10\/condominios-2.jpeg 1280w\" sizes=\"auto, (max-width: 1024px) 100vw, 1024px\" \/><\/figure>\n<\/figure>\n","protected":false},"excerpt":{"rendered":"<p>Lojas e Varejo Escrit\u00f3rios e Salas comerciais Consult\u00f3rios e Espa\u00e7os de sa\u00fade Condom\u00ednios<\/p>\n","protected":false},"author":1,"featured_media":0,"parent":0,"menu_order":0,"comment_status":"closed","ping_status":"closed","template":"","meta":{"neve_meta_sidebar":"","neve_meta_container":"","neve_meta_enable_content_width":"","neve_meta_content_width":0,"neve_meta_title_alignment":"","neve_meta_author_avatar":"","neve_post_elements_order":"","neve_meta_disable_header":"","neve_meta_disable_footer":"","neve_meta_disable_title":"","_themeisle_gutenberg_block_has_review":false,"_joinchat":[],"footnotes":""},"class_list":["post-590","page","type-page","status-publish","hentry"],"yoast_head":"<!-- This site is optimized with the Yoast SEO plugin v26.1.1 - https:\/\/yoast.com\/wordpress\/plugins\/seo\/ -->\n<title>Projetos comerciais recentes - Trapani Arquitetura<\/title>\n<meta name=\"robots\" content=\"index, follow, max-snippet:-1, max-image-preview:large, max-video-preview:-1\" \/>\n<link rel=\"canonical\" href=\"https:\/\/trapaniarquitetura.arq.br\/index.php\/projetos-comerciais\/\" \/>\n<meta property=\"og:locale\" content=\"en_US\" \/>\n<meta property=\"og:type\" content=\"article\" \/>\n<meta property=\"og:title\" content=\"Projetos comerciais recentes - Trapani Arquitetura\" \/>\n<meta property=\"og:description\" content=\"Lojas e Varejo Escrit\u00f3rios e Salas comerciais Consult\u00f3rios e Espa\u00e7os de sa\u00fade Condom\u00ednios\" \/>\n<meta property=\"og:url\" content=\"https:\/\/trapaniarquitetura.arq.br\/index.php\/projetos-comerciais\/\" \/>\n<meta property=\"og:site_name\" content=\"Trapani Arquitetura\" \/>\n<meta property=\"article:modified_time\" content=\"2025-10-24T20:13:14+00:00\" \/>\n<meta property=\"og:image\" content=\"http:\/\/trapaniarquitetura.arq.br\/wp-content\/uploads\/2025\/10\/loja-arrivee-norte-shopping-I-1024x585.jpeg\" \/>\n<meta name=\"twitter:card\" content=\"summary_large_image\" \/>\n<meta name=\"twitter:label1\" content=\"Est. reading time\" \/>\n\t<meta name=\"twitter:data1\" content=\"3 minutes\" \/>\n<script type=\"application\/ld+json\" class=\"yoast-schema-graph\">{\"@context\":\"https:\/\/schema.org\",\"@graph\":[{\"@type\":\"WebPage\",\"@id\":\"https:\/\/trapaniarquitetura.arq.br\/index.php\/projetos-comerciais\/\",\"url\":\"https:\/\/trapaniarquitetura.arq.br\/index.php\/projetos-comerciais\/\",\"name\":\"Projetos comerciais recentes - Trapani Arquitetura\",\"isPartOf\":{\"@id\":\"http:\/\/trapaniarquitetura.arq.br\/#website\"},\"primaryImageOfPage\":{\"@id\":\"https:\/\/trapaniarquitetura.arq.br\/index.php\/projetos-comerciais\/#primaryimage\"},\"image\":{\"@id\":\"https:\/\/trapaniarquitetura.arq.br\/index.php\/projetos-comerciais\/#primaryimage\"},\"thumbnailUrl\":\"http:\/\/trapaniarquitetura.arq.br\/wp-content\/uploads\/2025\/10\/loja-arrivee-norte-shopping-I-1024x585.jpeg\",\"datePublished\":\"2025-10-23T13:23:18+00:00\",\"dateModified\":\"2025-10-24T20:13:14+00:00\",\"breadcrumb\":{\"@id\":\"https:\/\/trapaniarquitetura.arq.br\/index.php\/projetos-comerciais\/#breadcrumb\"},\"inLanguage\":\"en-US\",\"potentialAction\":[{\"@type\":\"ReadAction\",\"target\":[\"https:\/\/trapaniarquitetura.arq.br\/index.php\/projetos-comerciais\/\"]}]},{\"@type\":\"ImageObject\",\"inLanguage\":\"en-US\",\"@id\":\"https:\/\/trapaniarquitetura.arq.br\/index.php\/projetos-comerciais\/#primaryimage\",\"url\":\"https:\/\/trapaniarquitetura.arq.br\/wp-content\/uploads\/2025\/10\/loja-arrivee-norte-shopping-I.jpeg\",\"contentUrl\":\"https:\/\/trapaniarquitetura.arq.br\/wp-content\/uploads\/2025\/10\/loja-arrivee-norte-shopping-I.jpeg\",\"width\":1280,\"height\":731},{\"@type\":\"BreadcrumbList\",\"@id\":\"https:\/\/trapaniarquitetura.arq.br\/index.php\/projetos-comerciais\/#breadcrumb\",\"itemListElement\":[{\"@type\":\"ListItem\",\"position\":1,\"name\":\"Home\",\"item\":\"https:\/\/trapaniarquitetura.arq.br\/\"},{\"@type\":\"ListItem\",\"position\":2,\"name\":\"Projetos comerciais recentes\"}]},{\"@type\":\"WebSite\",\"@id\":\"http:\/\/trapaniarquitetura.arq.br\/#website\",\"url\":\"http:\/\/trapaniarquitetura.arq.br\/\",\"name\":\"Trapani Arquitetura\",\"description\":\"\",\"potentialAction\":[{\"@type\":\"SearchAction\",\"target\":{\"@type\":\"EntryPoint\",\"urlTemplate\":\"http:\/\/trapaniarquitetura.arq.br\/?s={search_term_string}\"},\"query-input\":{\"@type\":\"PropertyValueSpecification\",\"valueRequired\":true,\"valueName\":\"search_term_string\"}}],\"inLanguage\":\"en-US\"}]}<\/script>\n<!-- \/ Yoast SEO plugin. -->","yoast_head_json":{"title":"Projetos comerciais recentes - Trapani Arquitetura","robots":{"index":"index","follow":"follow","max-snippet":"max-snippet:-1","max-image-preview":"max-image-preview:large","max-video-preview":"max-video-preview:-1"},"canonical":"https:\/\/trapaniarquitetura.arq.br\/index.php\/projetos-comerciais\/","og_locale":"en_US","og_type":"article","og_title":"Projetos comerciais recentes - Trapani Arquitetura","og_description":"Lojas e Varejo Escrit\u00f3rios e Salas comerciais Consult\u00f3rios e Espa\u00e7os de sa\u00fade Condom\u00ednios","og_url":"https:\/\/trapaniarquitetura.arq.br\/index.php\/projetos-comerciais\/","og_site_name":"Trapani Arquitetura","article_modified_time":"2025-10-24T20:13:14+00:00","og_image":[{"url":"http:\/\/trapaniarquitetura.arq.br\/wp-content\/uploads\/2025\/10\/loja-arrivee-norte-shopping-I-1024x585.jpeg","type":"","width":"","height":""}],"twitter_card":"summary_large_image","twitter_misc":{"Est. reading time":"3 minutes"},"schema":{"@context":"https:\/\/schema.org","@graph":[{"@type":"WebPage","@id":"https:\/\/trapaniarquitetura.arq.br\/index.php\/projetos-comerciais\/","url":"https:\/\/trapaniarquitetura.arq.br\/index.php\/projetos-comerciais\/","name":"Projetos comerciais recentes - Trapani Arquitetura","isPartOf":{"@id":"http:\/\/trapaniarquitetura.arq.br\/#website"},"primaryImageOfPage":{"@id":"https:\/\/trapaniarquitetura.arq.br\/index.php\/projetos-comerciais\/#primaryimage"},"image":{"@id":"https:\/\/trapaniarquitetura.arq.br\/index.php\/projetos-comerciais\/#primaryimage"},"thumbnailUrl":"http:\/\/trapaniarquitetura.arq.br\/wp-content\/uploads\/2025\/10\/loja-arrivee-norte-shopping-I-1024x585.jpeg","datePublished":"2025-10-23T13:23:18+00:00","dateModified":"2025-10-24T20:13:14+00:00","breadcrumb":{"@id":"https:\/\/trapaniarquitetura.arq.br\/index.php\/projetos-comerciais\/#breadcrumb"},"inLanguage":"en-US","potentialAction":[{"@type":"ReadAction","target":["https:\/\/trapaniarquitetura.arq.br\/index.php\/projetos-comerciais\/"]}]},{"@type":"ImageObject","inLanguage":"en-US","@id":"https:\/\/trapaniarquitetura.arq.br\/index.php\/projetos-comerciais\/#primaryimage","url":"https:\/\/trapaniarquitetura.arq.br\/wp-content\/uploads\/2025\/10\/loja-arrivee-norte-shopping-I.jpeg","contentUrl":"https:\/\/trapaniarquitetura.arq.br\/wp-content\/uploads\/2025\/10\/loja-arrivee-norte-shopping-I.jpeg","width":1280,"height":731},{"@type":"BreadcrumbList","@id":"https:\/\/trapaniarquitetura.arq.br\/index.php\/projetos-comerciais\/#breadcrumb","itemListElement":[{"@type":"ListItem","position":1,"name":"Home","item":"https:\/\/trapaniarquitetura.arq.br\/"},{"@type":"ListItem","position":2,"name":"Projetos comerciais recentes"}]},{"@type":"WebSite","@id":"http:\/\/trapaniarquitetura.arq.br\/#website","url":"http:\/\/trapaniarquitetura.arq.br\/","name":"Trapani Arquitetura","description":"","potentialAction":[{"@type":"SearchAction","target":{"@type":"EntryPoint","urlTemplate":"http:\/\/trapaniarquitetura.arq.br\/?s={search_term_string}"},"query-input":{"@type":"PropertyValueSpecification","valueRequired":true,"valueName":"search_term_string"}}],"inLanguage":"en-US"}]}},"_links":{"self":[{"href":"https:\/\/trapaniarquitetura.arq.br\/index.php\/wp-json\/wp\/v2\/pages\/590","targetHints":{"allow":["GET"]}}],"collection":[{"href":"https:\/\/trapaniarquitetura.arq.br\/index.php\/wp-json\/wp\/v2\/pages"}],"about":[{"href":"https:\/\/trapaniarquitetura.arq.br\/index.php\/wp-json\/wp\/v2\/types\/page"}],"author":[{"embeddable":true,"href":"https:\/\/trapaniarquitetura.arq.br\/index.php\/wp-json\/wp\/v2\/users\/1"}],"replies":[{"embeddable":true,"href":"https:\/\/trapaniarquitetura.arq.br\/index.php\/wp-json\/wp\/v2\/comments?post=590"}],"version-history":[{"count":5,"href":"https:\/\/trapaniarquitetura.arq.br\/index.php\/wp-json\/wp\/v2\/pages\/590\/revisions"}],"predecessor-version":[{"id":611,"href":"https:\/\/trapaniarquitetura.arq.br\/index.php\/wp-json\/wp\/v2\/pages\/590\/revisions\/611"}],"wp:attachment":[{"href":"https:\/\/trapaniarquitetura.arq.br\/index.php\/wp-json\/wp\/v2\/media?parent=590"}],"curies":[{"name":"wp","href":"https:\/\/api.w.org\/{rel}","templated":true}]}}