{"id":61,"date":"2020-01-23T18:21:52","date_gmt":"2020-01-23T18:21:52","guid":{"rendered":"https:\/\/demosites.io\/web-agency-gb\/?page_id=61"},"modified":"2025-10-21T18:35:38","modified_gmt":"2025-10-21T21:35:38","slug":"sobre-nos","status":"publish","type":"page","link":"https:\/\/trapaniarquitetura.arq.br\/index.php\/sobre-nos\/","title":{"rendered":"Sobre n\u00f3s"},"content":{"rendered":"\n<div class=\"wp-block-cover alignfull\" style=\"min-height:300px;aspect-ratio:unset;\"><span aria-hidden=\"true\" class=\"wp-block-cover__background has-nv-site-bg-background-color has-background-dim-100 has-background-dim\"><\/span><div class=\"wp-block-cover__inner-container is-layout-flow wp-block-cover-is-layout-flow\">\n<div class=\"wp-block-group\"><div class=\"wp-block-group__inner-container is-layout-flow wp-block-group-is-layout-flow\">\n<h1 class=\"wp-block-heading has-text-align-left has-neve-text-color-color has-text-color\">Sobre n\u00f3s<\/h1>\n<\/div><\/div>\n<\/div><\/div>\n\n\n\n<div class=\"wp-block-cover alignfull\" style=\"min-height:600px;aspect-ratio:unset;\"><span aria-hidden=\"true\" class=\"wp-block-cover__background has-nv-light-bg-background-color has-background-dim-100 has-background-dim\"><\/span><div class=\"wp-block-cover__inner-container is-layout-flow wp-block-cover-is-layout-flow\">\n<div class=\"wp-block-group\"><div class=\"wp-block-group__inner-container is-layout-flow wp-block-group-is-layout-flow\">\n<div style=\"height:80px\" aria-hidden=\"true\" class=\"wp-block-spacer\"><\/div>\n\n\n\n<div class=\"wp-block-columns are-vertically-aligned-center has-neve-text-color-color has-text-color is-layout-flex wp-container-core-columns-is-layout-9d6595d7 wp-block-columns-is-layout-flex\">\n<div class=\"wp-block-column is-vertically-aligned-center is-layout-flow wp-block-column-is-layout-flow\" style=\"flex-basis:50%\">\n<figure class=\"wp-block-image size-full\"><img loading=\"lazy\" decoding=\"async\" width=\"600\" height=\"600\" src=\"http:\/\/trapaniarquitetura.arq.br\/wp-content\/uploads\/2025\/10\/logo_vertical-2.jpg\" alt=\"\" class=\"wp-image-417\" srcset=\"https:\/\/trapaniarquitetura.arq.br\/wp-content\/uploads\/2025\/10\/logo_vertical-2.jpg 600w, https:\/\/trapaniarquitetura.arq.br\/wp-content\/uploads\/2025\/10\/logo_vertical-2-300x300.jpg 300w, https:\/\/trapaniarquitetura.arq.br\/wp-content\/uploads\/2025\/10\/logo_vertical-2-150x150.jpg 150w\" sizes=\"auto, (max-width: 600px) 100vw, 600px\" \/><\/figure>\n<\/div>\n\n\n\n<div class=\"wp-block-column is-vertically-aligned-center is-layout-flow wp-block-column-is-layout-flow\" style=\"flex-basis:50%\">\n<h2 class=\"wp-block-heading has-neve-text-color-color has-text-color\">Hist\u00f3ria e conceito<\/h2>\n\n\n\n<p class=\"has-neve-text-color-color has-text-color\">Trapani \u00e9 uma cidade portu\u00e1ria da It\u00e1lia, conhecida na Antiguidade por sua import\u00e2ncia no com\u00e9rcio. Trapani tamb\u00e9m \u00e9 um nome de fam\u00edlia de uma antiga linhagem siciliana.<br>A Trapani Arquitetura \u00e9 uma empresa familiar, com mais de 12 anos de exist\u00eancia, fundada e gerenciada por m\u00e3e e filha, M\u00e1rcia e J\u00falia Trapani.<br><br>A marca &#8220;Trapani Arquitetura&#8221; visa provocar uma ilus\u00e3o de \u00f3tica: podendo ser interpretada tanto como a vista de um edif\u00edcio  \u2014 remetendo \u00e0 verticalidade e escala urbana \u2014 quanto como o telhado de uma casa, evocando acolhimento e arquitetura residencial. Sua forma geom\u00e9trica se harmoniza visualmente com o &#8220;A&#8221; da palavra &#8220;Trapani&#8221;, funcionando como elemento de sustenta\u00e7\u00e3o e refor\u00e7ando a ideia de abertura e leveza \u2014 conceitos fundamentais na arquitetura contempor\u00e2nea.<\/p>\n<\/div>\n<\/div>\n\n\n\n<div style=\"height:40px\" aria-hidden=\"true\" class=\"wp-block-spacer\"><\/div>\n<\/div><\/div>\n<\/div><\/div>\n\n\n\n<div class=\"wp-block-columns is-layout-flex wp-container-core-columns-is-layout-9d6595d7 wp-block-columns-is-layout-flex\">\n<div class=\"wp-block-column is-layout-flow wp-block-column-is-layout-flow\" style=\"flex-basis:100%\">\n<div class=\"wp-block-cover alignfull\" style=\"min-height:600px;aspect-ratio:unset;\"><span aria-hidden=\"true\" class=\"wp-block-cover__background has-nv-light-bg-background-color has-background-dim-100 has-background-dim\"><\/span><div class=\"wp-block-cover__inner-container is-layout-flow wp-block-cover-is-layout-flow\">\n<div class=\"wp-block-group\"><div class=\"wp-block-group__inner-container is-layout-flow wp-block-group-is-layout-flow\">\n<div style=\"height:80px\" aria-hidden=\"true\" class=\"wp-block-spacer\"><\/div>\n\n\n\n<div class=\"wp-block-columns is-layout-flex wp-container-core-columns-is-layout-9d6595d7 wp-block-columns-is-layout-flex\">\n<div class=\"wp-block-column is-layout-flow wp-block-column-is-layout-flow\"><div class=\"wp-block-image is-style-default\">\n<figure class=\"aligncenter size-full\"><img loading=\"lazy\" decoding=\"async\" width=\"600\" height=\"600\" src=\"http:\/\/trapaniarquitetura.arq.br\/wp-content\/uploads\/2025\/10\/marcia.jpg\" alt=\"\" class=\"wp-image-422\" srcset=\"https:\/\/trapaniarquitetura.arq.br\/wp-content\/uploads\/2025\/10\/marcia.jpg 600w, https:\/\/trapaniarquitetura.arq.br\/wp-content\/uploads\/2025\/10\/marcia-300x300.jpg 300w, https:\/\/trapaniarquitetura.arq.br\/wp-content\/uploads\/2025\/10\/marcia-150x150.jpg 150w\" sizes=\"auto, (max-width: 600px) 100vw, 600px\" \/><\/figure>\n<\/div>\n\n\n<div style=\"height:24px\" aria-hidden=\"true\" class=\"wp-block-spacer\"><\/div>\n\n\n\n<h3 class=\"wp-block-heading has-text-align-center has-neve-text-color-color has-text-color\">Marcia Trapani<\/h3>\n\n\n\n<p class=\"has-text-align-left has-neve-text-color-color has-text-color\">. Formada em Arquitetura pela Universidade Santa \u00darsula.<br>. 43 anos realizando projetos, legaliza\u00e7\u00f5es, execu\u00e7\u00e3o e acompanhamento de obras.<br>. Experi\u00eancias nas \u00e1reas p\u00fablicas (est\u00e1dio do Maracan\u00e3, escolas estaduais, hospital S\u00e3o Sebasti\u00e3o, Museu Hist\u00f3rico Nacional, entre outras) e privadas.<\/p>\n\n\n\n<p class=\"has-text-align-left has-neve-text-color-color has-text-color\"><\/p>\n\n\n\n<p class=\"has-text-align-center has-neve-text-color-color has-text-color\"><\/p>\n\n\n\n<div style=\"height:40px\" aria-hidden=\"true\" class=\"wp-block-spacer\"><\/div>\n<\/div>\n\n\n\n<div class=\"wp-block-column is-layout-flow wp-block-column-is-layout-flow\"><div class=\"wp-block-image is-style-default\">\n<figure class=\"aligncenter size-full\"><img loading=\"lazy\" decoding=\"async\" width=\"600\" height=\"600\" src=\"http:\/\/trapaniarquitetura.arq.br\/wp-content\/uploads\/2025\/10\/julia.jpg\" alt=\"\" class=\"wp-image-423\" srcset=\"https:\/\/trapaniarquitetura.arq.br\/wp-content\/uploads\/2025\/10\/julia.jpg 600w, https:\/\/trapaniarquitetura.arq.br\/wp-content\/uploads\/2025\/10\/julia-300x300.jpg 300w, https:\/\/trapaniarquitetura.arq.br\/wp-content\/uploads\/2025\/10\/julia-150x150.jpg 150w\" sizes=\"auto, (max-width: 600px) 100vw, 600px\" \/><\/figure>\n<\/div>\n\n\n<div style=\"height:24px\" aria-hidden=\"true\" class=\"wp-block-spacer\"><\/div>\n\n\n\n<h3 class=\"wp-block-heading has-text-align-center has-neve-text-color-color has-text-color\">Julia Trapani<\/h3>\n\n\n\n<p class=\"has-text-align-left has-neve-text-color-color has-text-color\">. Formada em Arquitetura e Urbanismo pela PUC RIO.<br>. Especializa\u00e7\u00e3o em infraestrutura verde pela Universidade Livre Oswaldo Cruz.<br>. P\u00f3sgraduanda em Neuroarquitetura pela PUC PR.<\/p>\n\n\n\n<p class=\"has-text-align-center has-neve-text-color-color has-text-color\"><\/p>\n\n\n\n<div style=\"height:40px\" aria-hidden=\"true\" class=\"wp-block-spacer\"><\/div>\n<\/div>\n<\/div>\n\n\n\n<div style=\"height:40px\" aria-hidden=\"true\" class=\"wp-block-spacer\"><\/div>\n<\/div><\/div>\n<\/div><\/div>\n<\/div>\n<\/div>\n\n\n\n<p><\/p>\n","protected":false},"excerpt":{"rendered":"","protected":false},"author":1,"featured_media":0,"parent":0,"menu_order":0,"comment_status":"closed","ping_status":"closed","template":"","meta":{"neve_meta_sidebar":"default","neve_meta_container":"default","neve_meta_enable_content_width":"on","neve_meta_content_width":100,"neve_meta_title_alignment":"","neve_meta_author_avatar":"","neve_post_elements_order":"","neve_meta_disable_header":"","neve_meta_disable_footer":"","neve_meta_disable_title":"on","_themeisle_gutenberg_block_has_review":false,"_joinchat":[],"footnotes":""},"class_list":["post-61","page","type-page","status-publish","hentry"],"yoast_head":"<!-- This site is optimized with the Yoast SEO plugin v26.1.1 - https:\/\/yoast.com\/wordpress\/plugins\/seo\/ -->\n<title>Sobre n\u00f3s - Trapani Arquitetura<\/title>\n<meta name=\"robots\" content=\"index, follow, max-snippet:-1, max-image-preview:large, max-video-preview:-1\" \/>\n<link rel=\"canonical\" href=\"https:\/\/trapaniarquitetura.arq.br\/index.php\/sobre-nos\/\" \/>\n<meta property=\"og:locale\" content=\"en_US\" \/>\n<meta property=\"og:type\" content=\"article\" \/>\n<meta property=\"og:title\" content=\"Sobre n\u00f3s - Trapani Arquitetura\" \/>\n<meta property=\"og:url\" content=\"https:\/\/trapaniarquitetura.arq.br\/index.php\/sobre-nos\/\" \/>\n<meta property=\"og:site_name\" content=\"Trapani Arquitetura\" \/>\n<meta property=\"article:modified_time\" content=\"2025-10-21T21:35:38+00:00\" \/>\n<meta property=\"og:image\" content=\"http:\/\/trapaniarquitetura.arq.br\/wp-content\/uploads\/2025\/10\/logo_vertical-2.jpg\" \/>\n<meta name=\"twitter:card\" content=\"summary_large_image\" \/>\n<meta name=\"twitter:label1\" content=\"Est. reading time\" \/>\n\t<meta name=\"twitter:data1\" content=\"2 minutes\" \/>\n<script type=\"application\/ld+json\" class=\"yoast-schema-graph\">{\"@context\":\"https:\/\/schema.org\",\"@graph\":[{\"@type\":\"WebPage\",\"@id\":\"https:\/\/trapaniarquitetura.arq.br\/index.php\/sobre-nos\/\",\"url\":\"https:\/\/trapaniarquitetura.arq.br\/index.php\/sobre-nos\/\",\"name\":\"Sobre n\u00f3s - Trapani Arquitetura\",\"isPartOf\":{\"@id\":\"http:\/\/trapaniarquitetura.arq.br\/#website\"},\"primaryImageOfPage\":{\"@id\":\"https:\/\/trapaniarquitetura.arq.br\/index.php\/sobre-nos\/#primaryimage\"},\"image\":{\"@id\":\"https:\/\/trapaniarquitetura.arq.br\/index.php\/sobre-nos\/#primaryimage\"},\"thumbnailUrl\":\"http:\/\/trapaniarquitetura.arq.br\/wp-content\/uploads\/2025\/10\/logo_vertical-2.jpg\",\"datePublished\":\"2020-01-23T18:21:52+00:00\",\"dateModified\":\"2025-10-21T21:35:38+00:00\",\"breadcrumb\":{\"@id\":\"https:\/\/trapaniarquitetura.arq.br\/index.php\/sobre-nos\/#breadcrumb\"},\"inLanguage\":\"en-US\",\"potentialAction\":[{\"@type\":\"ReadAction\",\"target\":[\"https:\/\/trapaniarquitetura.arq.br\/index.php\/sobre-nos\/\"]}]},{\"@type\":\"ImageObject\",\"inLanguage\":\"en-US\",\"@id\":\"https:\/\/trapaniarquitetura.arq.br\/index.php\/sobre-nos\/#primaryimage\",\"url\":\"https:\/\/trapaniarquitetura.arq.br\/wp-content\/uploads\/2025\/10\/logo_vertical-2.jpg\",\"contentUrl\":\"https:\/\/trapaniarquitetura.arq.br\/wp-content\/uploads\/2025\/10\/logo_vertical-2.jpg\",\"width\":600,\"height\":600},{\"@type\":\"BreadcrumbList\",\"@id\":\"https:\/\/trapaniarquitetura.arq.br\/index.php\/sobre-nos\/#breadcrumb\",\"itemListElement\":[{\"@type\":\"ListItem\",\"position\":1,\"name\":\"Home\",\"item\":\"https:\/\/trapaniarquitetura.arq.br\/\"},{\"@type\":\"ListItem\",\"position\":2,\"name\":\"Sobre n\u00f3s\"}]},{\"@type\":\"WebSite\",\"@id\":\"http:\/\/trapaniarquitetura.arq.br\/#website\",\"url\":\"http:\/\/trapaniarquitetura.arq.br\/\",\"name\":\"Trapani Arquitetura\",\"description\":\"\",\"potentialAction\":[{\"@type\":\"SearchAction\",\"target\":{\"@type\":\"EntryPoint\",\"urlTemplate\":\"http:\/\/trapaniarquitetura.arq.br\/?s={search_term_string}\"},\"query-input\":{\"@type\":\"PropertyValueSpecification\",\"valueRequired\":true,\"valueName\":\"search_term_string\"}}],\"inLanguage\":\"en-US\"}]}<\/script>\n<!-- \/ Yoast SEO plugin. -->","yoast_head_json":{"title":"Sobre n\u00f3s - Trapani Arquitetura","robots":{"index":"index","follow":"follow","max-snippet":"max-snippet:-1","max-image-preview":"max-image-preview:large","max-video-preview":"max-video-preview:-1"},"canonical":"https:\/\/trapaniarquitetura.arq.br\/index.php\/sobre-nos\/","og_locale":"en_US","og_type":"article","og_title":"Sobre n\u00f3s - Trapani Arquitetura","og_url":"https:\/\/trapaniarquitetura.arq.br\/index.php\/sobre-nos\/","og_site_name":"Trapani Arquitetura","article_modified_time":"2025-10-21T21:35:38+00:00","og_image":[{"url":"http:\/\/trapaniarquitetura.arq.br\/wp-content\/uploads\/2025\/10\/logo_vertical-2.jpg","type":"","width":"","height":""}],"twitter_card":"summary_large_image","twitter_misc":{"Est. reading time":"2 minutes"},"schema":{"@context":"https:\/\/schema.org","@graph":[{"@type":"WebPage","@id":"https:\/\/trapaniarquitetura.arq.br\/index.php\/sobre-nos\/","url":"https:\/\/trapaniarquitetura.arq.br\/index.php\/sobre-nos\/","name":"Sobre n\u00f3s - Trapani Arquitetura","isPartOf":{"@id":"http:\/\/trapaniarquitetura.arq.br\/#website"},"primaryImageOfPage":{"@id":"https:\/\/trapaniarquitetura.arq.br\/index.php\/sobre-nos\/#primaryimage"},"image":{"@id":"https:\/\/trapaniarquitetura.arq.br\/index.php\/sobre-nos\/#primaryimage"},"thumbnailUrl":"http:\/\/trapaniarquitetura.arq.br\/wp-content\/uploads\/2025\/10\/logo_vertical-2.jpg","datePublished":"2020-01-23T18:21:52+00:00","dateModified":"2025-10-21T21:35:38+00:00","breadcrumb":{"@id":"https:\/\/trapaniarquitetura.arq.br\/index.php\/sobre-nos\/#breadcrumb"},"inLanguage":"en-US","potentialAction":[{"@type":"ReadAction","target":["https:\/\/trapaniarquitetura.arq.br\/index.php\/sobre-nos\/"]}]},{"@type":"ImageObject","inLanguage":"en-US","@id":"https:\/\/trapaniarquitetura.arq.br\/index.php\/sobre-nos\/#primaryimage","url":"https:\/\/trapaniarquitetura.arq.br\/wp-content\/uploads\/2025\/10\/logo_vertical-2.jpg","contentUrl":"https:\/\/trapaniarquitetura.arq.br\/wp-content\/uploads\/2025\/10\/logo_vertical-2.jpg","width":600,"height":600},{"@type":"BreadcrumbList","@id":"https:\/\/trapaniarquitetura.arq.br\/index.php\/sobre-nos\/#breadcrumb","itemListElement":[{"@type":"ListItem","position":1,"name":"Home","item":"https:\/\/trapaniarquitetura.arq.br\/"},{"@type":"ListItem","position":2,"name":"Sobre n\u00f3s"}]},{"@type":"WebSite","@id":"http:\/\/trapaniarquitetura.arq.br\/#website","url":"http:\/\/trapaniarquitetura.arq.br\/","name":"Trapani Arquitetura","description":"","potentialAction":[{"@type":"SearchAction","target":{"@type":"EntryPoint","urlTemplate":"http:\/\/trapaniarquitetura.arq.br\/?s={search_term_string}"},"query-input":{"@type":"PropertyValueSpecification","valueRequired":true,"valueName":"search_term_string"}}],"inLanguage":"en-US"}]}},"_links":{"self":[{"href":"https:\/\/trapaniarquitetura.arq.br\/index.php\/wp-json\/wp\/v2\/pages\/61","targetHints":{"allow":["GET"]}}],"collection":[{"href":"https:\/\/trapaniarquitetura.arq.br\/index.php\/wp-json\/wp\/v2\/pages"}],"about":[{"href":"https:\/\/trapaniarquitetura.arq.br\/index.php\/wp-json\/wp\/v2\/types\/page"}],"author":[{"embeddable":true,"href":"https:\/\/trapaniarquitetura.arq.br\/index.php\/wp-json\/wp\/v2\/users\/1"}],"replies":[{"embeddable":true,"href":"https:\/\/trapaniarquitetura.arq.br\/index.php\/wp-json\/wp\/v2\/comments?post=61"}],"version-history":[{"count":11,"href":"https:\/\/trapaniarquitetura.arq.br\/index.php\/wp-json\/wp\/v2\/pages\/61\/revisions"}],"predecessor-version":[{"id":457,"href":"https:\/\/trapaniarquitetura.arq.br\/index.php\/wp-json\/wp\/v2\/pages\/61\/revisions\/457"}],"wp:attachment":[{"href":"https:\/\/trapaniarquitetura.arq.br\/index.php\/wp-json\/wp\/v2\/media?parent=61"}],"curies":[{"name":"wp","href":"https:\/\/api.w.org\/{rel}","templated":true}]}}